{"id":2,"date":"2019-01-25T09:24:22","date_gmt":"2019-01-25T09:24:22","guid":{"rendered":"https:\/\/psikologcansuoymak.com\/?page_id=2"},"modified":"2024-03-21T20:51:59","modified_gmt":"2024-03-21T17:51:59","slug":"psikologcansuoymak","status":"publish","type":"page","link":"https:\/\/psikologcansuoymak.com\/","title":{"rendered":"Anasayfa"},"content":{"rendered":"","protected":false},"excerpt":{"rendered":"","protected":false},"author":1,"featured_media":0,"parent":0,"menu_order":0,"comment_status":"open","ping_status":"closed","template":"","meta":{"footnotes":""},"yoast_head":"<!-- This site is optimized with the Yoast SEO Premium plugin v21.3 (Yoast SEO v21.3) - https:\/\/yoast.com\/wordpress\/plugins\/seo\/ -->\n<title>Uzman Klinik Psikolog Cansu Oymak -<\/title>\n<meta name=\"description\" content=\"Adana Mersin Bireysel, \u00c7ift, Evlilik ve Aile Dan\u0131\u015fmanl\u0131k Hizmeti \u0130le Hizmetinizde. Hemen Ara. Adana Uzman Psikolog, Bireysel Ve \u00c7ift Psikologu, Adana Aile Dan\u0131\u015fma Merkezi Psikolog.\" \/>\n<meta name=\"robots\" content=\"index, follow, max-snippet:-1, max-image-preview:large, max-video-preview:-1\" \/>\n<link rel=\"canonical\" href=\"https:\/\/psikologcansuoymak.com\/\" \/>\n<meta property=\"og:locale\" content=\"en_US\" \/>\n<meta property=\"og:type\" content=\"article\" \/>\n<meta property=\"og:title\" content=\"Uzman Klinik Psikolog Cansu Oymak\" \/>\n<meta property=\"og:description\" content=\"Adana Mersin Bireysel, \u00c7ift, Evlilik ve Aile Dan\u0131\u015fmanl\u0131k Hizmeti \u0130le Hizmetinizde. Hemen Ara. Adana Uzman Psikolog, Bireysel Ve \u00c7ift Psikologu, Adana Aile Dan\u0131\u015fma Merkezi Psikolog\" \/>\n<meta property=\"og:url\" content=\"https:\/\/psikologcansuoymak.com\/\" \/>\n<meta property=\"og:site_name\" content=\"Uzman Klinik Psikolog Cansu Oymak\" \/>\n<meta property=\"article:modified_time\" content=\"2024-03-21T17:51:59+00:00\" \/>\n<meta property=\"og:image\" content=\"https:\/\/psikologcansuoymak.com\/wp-content\/uploads\/2024\/03\/CANSU-OYMAK-1.png\" \/>\n\t<meta property=\"og:image:width\" content=\"200\" \/>\n\t<meta property=\"og:image:height\" content=\"200\" \/>\n\t<meta property=\"og:image:type\" content=\"image\/png\" \/>\n<meta name=\"twitter:card\" content=\"summary_large_image\" \/>\n<meta name=\"twitter:title\" content=\"Anasayfa\" \/>\n<script type=\"application\/ld+json\" class=\"yoast-schema-graph\">{\"@context\":\"https:\/\/schema.org\",\"@graph\":[{\"@type\":\"WebPage\",\"@id\":\"https:\/\/psikologcansuoymak.com\/\",\"url\":\"https:\/\/psikologcansuoymak.com\/\",\"name\":\"Uzman Klinik Psikolog Cansu Oymak -\",\"isPartOf\":{\"@id\":\"https:\/\/psikologcansuoymak.com\/#website\"},\"datePublished\":\"2019-01-25T09:24:22+00:00\",\"dateModified\":\"2024-03-21T17:51:59+00:00\",\"description\":\"Adana Mersin Bireysel, \u00c7ift, Evlilik ve Aile Dan\u0131\u015fmanl\u0131k Hizmeti \u0130le Hizmetinizde. Hemen Ara. Adana Uzman Psikolog, Bireysel Ve \u00c7ift Psikologu, Adana Aile Dan\u0131\u015fma Merkezi Psikolog.\",\"breadcrumb\":{\"@id\":\"https:\/\/psikologcansuoymak.com\/#breadcrumb\"},\"inLanguage\":\"en-US\",\"potentialAction\":[{\"@type\":\"ReadAction\",\"target\":[\"https:\/\/psikologcansuoymak.com\/\"]}]},{\"@type\":\"BreadcrumbList\",\"@id\":\"https:\/\/psikologcansuoymak.com\/#breadcrumb\",\"itemListElement\":[{\"@type\":\"ListItem\",\"position\":1,\"name\":\"Home\",\"item\":\"https:\/\/psikologcansuoymak.com\/\"},{\"@type\":\"ListItem\",\"position\":2,\"name\":\"Anasayfa\"}]},{\"@type\":\"WebSite\",\"@id\":\"https:\/\/psikologcansuoymak.com\/#website\",\"url\":\"https:\/\/psikologcansuoymak.com\/\",\"name\":\"Uzman Klinik Psikolog Cansu Oymak\",\"description\":\"Adana Mersin Bireysel, \u00c7ift, Evlilik ve Aile Dan\u0131\u015fmanl\u0131k Hizmeti \u0130le Hizmetinizde. Hemen Ara. Adana Uzman Psikolog, Bireysel Ve \u00c7ift Psikologu, Adana Aile Dan\u0131\u015fma Merkezi Psikolog. Psikolog.\",\"publisher\":{\"@id\":\"https:\/\/psikologcansuoymak.com\/#organization\"},\"potentialAction\":[{\"@type\":\"SearchAction\",\"target\":{\"@type\":\"EntryPoint\",\"urlTemplate\":\"https:\/\/psikologcansuoymak.com\/?s={search_term_string}\"},\"query-input\":\"required name=search_term_string\"}],\"inLanguage\":\"en-US\"},{\"@type\":\"Organization\",\"@id\":\"https:\/\/psikologcansuoymak.com\/#organization\",\"name\":\"Uzman Klinik Psikolog Cansu Oymak\",\"url\":\"https:\/\/psikologcansuoymak.com\/\",\"logo\":{\"@type\":\"ImageObject\",\"inLanguage\":\"en-US\",\"@id\":\"https:\/\/psikologcansuoymak.com\/#\/schema\/logo\/image\/\",\"url\":\"https:\/\/psikologcansuoymak.com\/wp-content\/uploads\/2024\/03\/cropped-CANSU-OYMAK.png\",\"contentUrl\":\"https:\/\/psikologcansuoymak.com\/wp-content\/uploads\/2024\/03\/cropped-CANSU-OYMAK.png\",\"width\":437,\"height\":140,\"caption\":\"Uzman Klinik Psikolog Cansu Oymak\"},\"image\":{\"@id\":\"https:\/\/psikologcansuoymak.com\/#\/schema\/logo\/image\/\"},\"sameAs\":[\"https:\/\/www.instagram.com\/uzm.psk.cansuoymak\/\"]}]}<\/script>\n<!-- \/ Yoast SEO Premium plugin. -->","yoast_head_json":{"title":"Uzman Klinik Psikolog Cansu Oymak -","description":"Adana Mersin Bireysel, \u00c7ift, Evlilik ve Aile Dan\u0131\u015fmanl\u0131k Hizmeti \u0130le Hizmetinizde. Hemen Ara. Adana Uzman Psikolog, Bireysel Ve \u00c7ift Psikologu, Adana Aile Dan\u0131\u015fma Merkezi Psikolog.","robots":{"index":"index","follow":"follow","max-snippet":"max-snippet:-1","max-image-preview":"max-image-preview:large","max-video-preview":"max-video-preview:-1"},"canonical":"https:\/\/psikologcansuoymak.com\/","og_locale":"en_US","og_type":"article","og_title":"Uzman Klinik Psikolog Cansu Oymak","og_description":"Adana Mersin Bireysel, \u00c7ift, Evlilik ve Aile Dan\u0131\u015fmanl\u0131k Hizmeti \u0130le Hizmetinizde. Hemen Ara. Adana Uzman Psikolog, Bireysel Ve \u00c7ift Psikologu, Adana Aile Dan\u0131\u015fma Merkezi Psikolog","og_url":"https:\/\/psikologcansuoymak.com\/","og_site_name":"Uzman Klinik Psikolog Cansu Oymak","article_modified_time":"2024-03-21T17:51:59+00:00","og_image":[{"width":200,"height":200,"url":"https:\/\/psikologcansuoymak.com\/wp-content\/uploads\/2024\/03\/CANSU-OYMAK-1.png","type":"image\/png"}],"twitter_card":"summary_large_image","twitter_title":"Anasayfa","schema":{"@context":"https:\/\/schema.org","@graph":[{"@type":"WebPage","@id":"https:\/\/psikologcansuoymak.com\/","url":"https:\/\/psikologcansuoymak.com\/","name":"Uzman Klinik Psikolog Cansu Oymak -","isPartOf":{"@id":"https:\/\/psikologcansuoymak.com\/#website"},"datePublished":"2019-01-25T09:24:22+00:00","dateModified":"2024-03-21T17:51:59+00:00","description":"Adana Mersin Bireysel, \u00c7ift, Evlilik ve Aile Dan\u0131\u015fmanl\u0131k Hizmeti \u0130le Hizmetinizde. Hemen Ara. Adana Uzman Psikolog, Bireysel Ve \u00c7ift Psikologu, Adana Aile Dan\u0131\u015fma Merkezi Psikolog.","breadcrumb":{"@id":"https:\/\/psikologcansuoymak.com\/#breadcrumb"},"inLanguage":"en-US","potentialAction":[{"@type":"ReadAction","target":["https:\/\/psikologcansuoymak.com\/"]}]},{"@type":"BreadcrumbList","@id":"https:\/\/psikologcansuoymak.com\/#breadcrumb","itemListElement":[{"@type":"ListItem","position":1,"name":"Home","item":"https:\/\/psikologcansuoymak.com\/"},{"@type":"ListItem","position":2,"name":"Anasayfa"}]},{"@type":"WebSite","@id":"https:\/\/psikologcansuoymak.com\/#website","url":"https:\/\/psikologcansuoymak.com\/","name":"Uzman Klinik Psikolog Cansu Oymak","description":"Adana Mersin Bireysel, \u00c7ift, Evlilik ve Aile Dan\u0131\u015fmanl\u0131k Hizmeti \u0130le Hizmetinizde. Hemen Ara. Adana Uzman Psikolog, Bireysel Ve \u00c7ift Psikologu, Adana Aile Dan\u0131\u015fma Merkezi Psikolog. Psikolog.","publisher":{"@id":"https:\/\/psikologcansuoymak.com\/#organization"},"potentialAction":[{"@type":"SearchAction","target":{"@type":"EntryPoint","urlTemplate":"https:\/\/psikologcansuoymak.com\/?s={search_term_string}"},"query-input":"required name=search_term_string"}],"inLanguage":"en-US"},{"@type":"Organization","@id":"https:\/\/psikologcansuoymak.com\/#organization","name":"Uzman Klinik Psikolog Cansu Oymak","url":"https:\/\/psikologcansuoymak.com\/","logo":{"@type":"ImageObject","inLanguage":"en-US","@id":"https:\/\/psikologcansuoymak.com\/#\/schema\/logo\/image\/","url":"https:\/\/psikologcansuoymak.com\/wp-content\/uploads\/2024\/03\/cropped-CANSU-OYMAK.png","contentUrl":"https:\/\/psikologcansuoymak.com\/wp-content\/uploads\/2024\/03\/cropped-CANSU-OYMAK.png","width":437,"height":140,"caption":"Uzman Klinik Psikolog Cansu Oymak"},"image":{"@id":"https:\/\/psikologcansuoymak.com\/#\/schema\/logo\/image\/"},"sameAs":["https:\/\/www.instagram.com\/uzm.psk.cansuoymak\/"]}]}},"_links":{"self":[{"href":"https:\/\/psikologcansuoymak.com\/index.php\/wp-json\/wp\/v2\/pages\/2"}],"collection":[{"href":"https:\/\/psikologcansuoymak.com\/index.php\/wp-json\/wp\/v2\/pages"}],"about":[{"href":"https:\/\/psikologcansuoymak.com\/index.php\/wp-json\/wp\/v2\/types\/page"}],"author":[{"embeddable":true,"href":"https:\/\/psikologcansuoymak.com\/index.php\/wp-json\/wp\/v2\/users\/1"}],"replies":[{"embeddable":true,"href":"https:\/\/psikologcansuoymak.com\/index.php\/wp-json\/wp\/v2\/comments?post=2"}],"version-history":[{"count":2,"href":"https:\/\/psikologcansuoymak.com\/index.php\/wp-json\/wp\/v2\/pages\/2\/revisions"}],"predecessor-version":[{"id":154,"href":"https:\/\/psikologcansuoymak.com\/index.php\/wp-json\/wp\/v2\/pages\/2\/revisions\/154"}],"wp:attachment":[{"href":"https:\/\/psikologcansuoymak.com\/index.php\/wp-json\/wp\/v2\/media?parent=2"}],"curies":[{"name":"wp","href":"https:\/\/api.w.org\/{rel}","templated":true}]}}