{"id":14,"date":"2019-01-30T10:21:25","date_gmt":"2019-01-30T10:21:25","guid":{"rendered":"https:\/\/psikologcansuoymak.com\/?page_id=14"},"modified":"2024-03-21T15:59:15","modified_gmt":"2024-03-21T15:59:15","slug":"services","status":"publish","type":"page","link":"https:\/\/psikologcansuoymak.com\/index.php\/services\/","title":{"rendered":"Services"},"content":{"rendered":"","protected":false},"excerpt":{"rendered":"","protected":false},"author":1,"featured_media":0,"parent":0,"menu_order":0,"comment_status":"open","ping_status":"closed","template":"","meta":{"footnotes":""},"yoast_head":"<!-- This site is optimized with the Yoast SEO Premium plugin v21.3 (Yoast SEO v21.3) - https:\/\/yoast.com\/wordpress\/plugins\/seo\/ -->\n<title>Services - Uzman Klinik Psikolog Cansu Oymak<\/title>\n<meta name=\"robots\" content=\"index, follow, max-snippet:-1, max-image-preview:large, max-video-preview:-1\" \/>\n<link rel=\"canonical\" href=\"https:\/\/psikologcansuoymak.com\/index.php\/services\/\" \/>\n<meta property=\"og:locale\" content=\"en_US\" \/>\n<meta property=\"og:type\" content=\"article\" \/>\n<meta property=\"og:title\" content=\"Services\" \/>\n<meta property=\"og:url\" content=\"https:\/\/psikologcansuoymak.com\/index.php\/services\/\" \/>\n<meta property=\"og:site_name\" content=\"Uzman Klinik Psikolog Cansu Oymak\" \/>\n<meta property=\"article:modified_time\" content=\"2024-03-21T15:59:15+00:00\" \/>\n<meta name=\"twitter:card\" content=\"summary_large_image\" \/>\n<script type=\"application\/ld+json\" class=\"yoast-schema-graph\">{\"@context\":\"https:\/\/schema.org\",\"@graph\":[{\"@type\":\"WebPage\",\"@id\":\"https:\/\/psikologcansuoymak.com\/index.php\/services\/\",\"url\":\"https:\/\/psikologcansuoymak.com\/index.php\/services\/\",\"name\":\"Services - Uzman Klinik Psikolog Cansu Oymak\",\"isPartOf\":{\"@id\":\"https:\/\/psikologcansuoymak.com\/#website\"},\"datePublished\":\"2019-01-30T10:21:25+00:00\",\"dateModified\":\"2024-03-21T15:59:15+00:00\",\"breadcrumb\":{\"@id\":\"https:\/\/psikologcansuoymak.com\/index.php\/services\/#breadcrumb\"},\"inLanguage\":\"en-US\",\"potentialAction\":[{\"@type\":\"ReadAction\",\"target\":[\"https:\/\/psikologcansuoymak.com\/index.php\/services\/\"]}]},{\"@type\":\"BreadcrumbList\",\"@id\":\"https:\/\/psikologcansuoymak.com\/index.php\/services\/#breadcrumb\",\"itemListElement\":[{\"@type\":\"ListItem\",\"position\":1,\"name\":\"Home\",\"item\":\"https:\/\/psikologcansuoymak.com\/\"},{\"@type\":\"ListItem\",\"position\":2,\"name\":\"Services\"}]},{\"@type\":\"WebSite\",\"@id\":\"https:\/\/psikologcansuoymak.com\/#website\",\"url\":\"https:\/\/psikologcansuoymak.com\/\",\"name\":\"Uzman Klinik Psikolog Cansu Oymak\",\"description\":\"Adana Mersin Bireysel, \u00c7ift, Evlilik ve Aile Dan\u0131\u015fmanl\u0131k Hizmeti \u0130le Hizmetinizde. Hemen Ara. Adana Uzman Psikolog, Bireysel Ve \u00c7ift Psikologu, Adana Aile Dan\u0131\u015fma Merkezi Psikolog. Psikolog.\",\"publisher\":{\"@id\":\"https:\/\/psikologcansuoymak.com\/#organization\"},\"potentialAction\":[{\"@type\":\"SearchAction\",\"target\":{\"@type\":\"EntryPoint\",\"urlTemplate\":\"https:\/\/psikologcansuoymak.com\/?s={search_term_string}\"},\"query-input\":\"required name=search_term_string\"}],\"inLanguage\":\"en-US\"},{\"@type\":\"Organization\",\"@id\":\"https:\/\/psikologcansuoymak.com\/#organization\",\"name\":\"Uzman Klinik Psikolog Cansu Oymak\",\"url\":\"https:\/\/psikologcansuoymak.com\/\",\"logo\":{\"@type\":\"ImageObject\",\"inLanguage\":\"en-US\",\"@id\":\"https:\/\/psikologcansuoymak.com\/#\/schema\/logo\/image\/\",\"url\":\"https:\/\/psikologcansuoymak.com\/wp-content\/uploads\/2024\/03\/cropped-CANSU-OYMAK.png\",\"contentUrl\":\"https:\/\/psikologcansuoymak.com\/wp-content\/uploads\/2024\/03\/cropped-CANSU-OYMAK.png\",\"width\":437,\"height\":140,\"caption\":\"Uzman Klinik Psikolog Cansu Oymak\"},\"image\":{\"@id\":\"https:\/\/psikologcansuoymak.com\/#\/schema\/logo\/image\/\"},\"sameAs\":[\"https:\/\/www.instagram.com\/uzm.psk.cansuoymak\/\"]}]}<\/script>\n<!-- \/ Yoast SEO Premium plugin. -->","yoast_head_json":{"title":"Services - Uzman Klinik Psikolog Cansu Oymak","robots":{"index":"index","follow":"follow","max-snippet":"max-snippet:-1","max-image-preview":"max-image-preview:large","max-video-preview":"max-video-preview:-1"},"canonical":"https:\/\/psikologcansuoymak.com\/index.php\/services\/","og_locale":"en_US","og_type":"article","og_title":"Services","og_url":"https:\/\/psikologcansuoymak.com\/index.php\/services\/","og_site_name":"Uzman Klinik Psikolog Cansu Oymak","article_modified_time":"2024-03-21T15:59:15+00:00","twitter_card":"summary_large_image","schema":{"@context":"https:\/\/schema.org","@graph":[{"@type":"WebPage","@id":"https:\/\/psikologcansuoymak.com\/index.php\/services\/","url":"https:\/\/psikologcansuoymak.com\/index.php\/services\/","name":"Services - Uzman Klinik Psikolog Cansu Oymak","isPartOf":{"@id":"https:\/\/psikologcansuoymak.com\/#website"},"datePublished":"2019-01-30T10:21:25+00:00","dateModified":"2024-03-21T15:59:15+00:00","breadcrumb":{"@id":"https:\/\/psikologcansuoymak.com\/index.php\/services\/#breadcrumb"},"inLanguage":"en-US","potentialAction":[{"@type":"ReadAction","target":["https:\/\/psikologcansuoymak.com\/index.php\/services\/"]}]},{"@type":"BreadcrumbList","@id":"https:\/\/psikologcansuoymak.com\/index.php\/services\/#breadcrumb","itemListElement":[{"@type":"ListItem","position":1,"name":"Home","item":"https:\/\/psikologcansuoymak.com\/"},{"@type":"ListItem","position":2,"name":"Services"}]},{"@type":"WebSite","@id":"https:\/\/psikologcansuoymak.com\/#website","url":"https:\/\/psikologcansuoymak.com\/","name":"Uzman Klinik Psikolog Cansu Oymak","description":"Adana Mersin Bireysel, \u00c7ift, Evlilik ve Aile Dan\u0131\u015fmanl\u0131k Hizmeti \u0130le Hizmetinizde. Hemen Ara. Adana Uzman Psikolog, Bireysel Ve \u00c7ift Psikologu, Adana Aile Dan\u0131\u015fma Merkezi Psikolog. Psikolog.","publisher":{"@id":"https:\/\/psikologcansuoymak.com\/#organization"},"potentialAction":[{"@type":"SearchAction","target":{"@type":"EntryPoint","urlTemplate":"https:\/\/psikologcansuoymak.com\/?s={search_term_string}"},"query-input":"required name=search_term_string"}],"inLanguage":"en-US"},{"@type":"Organization","@id":"https:\/\/psikologcansuoymak.com\/#organization","name":"Uzman Klinik Psikolog Cansu Oymak","url":"https:\/\/psikologcansuoymak.com\/","logo":{"@type":"ImageObject","inLanguage":"en-US","@id":"https:\/\/psikologcansuoymak.com\/#\/schema\/logo\/image\/","url":"https:\/\/psikologcansuoymak.com\/wp-content\/uploads\/2024\/03\/cropped-CANSU-OYMAK.png","contentUrl":"https:\/\/psikologcansuoymak.com\/wp-content\/uploads\/2024\/03\/cropped-CANSU-OYMAK.png","width":437,"height":140,"caption":"Uzman Klinik Psikolog Cansu Oymak"},"image":{"@id":"https:\/\/psikologcansuoymak.com\/#\/schema\/logo\/image\/"},"sameAs":["https:\/\/www.instagram.com\/uzm.psk.cansuoymak\/"]}]}},"_links":{"self":[{"href":"https:\/\/psikologcansuoymak.com\/index.php\/wp-json\/wp\/v2\/pages\/14"}],"collection":[{"href":"https:\/\/psikologcansuoymak.com\/index.php\/wp-json\/wp\/v2\/pages"}],"about":[{"href":"https:\/\/psikologcansuoymak.com\/index.php\/wp-json\/wp\/v2\/types\/page"}],"author":[{"embeddable":true,"href":"https:\/\/psikologcansuoymak.com\/index.php\/wp-json\/wp\/v2\/users\/1"}],"replies":[{"embeddable":true,"href":"https:\/\/psikologcansuoymak.com\/index.php\/wp-json\/wp\/v2\/comments?post=14"}],"version-history":[{"count":0,"href":"https:\/\/psikologcansuoymak.com\/index.php\/wp-json\/wp\/v2\/pages\/14\/revisions"}],"wp:attachment":[{"href":"https:\/\/psikologcansuoymak.com\/index.php\/wp-json\/wp\/v2\/media?parent=14"}],"curies":[{"name":"wp","href":"https:\/\/api.w.org\/{rel}","templated":true}]}}